{"id":643,"date":"2015-07-01T01:47:30","date_gmt":"2015-07-01T01:47:30","guid":{"rendered":"https:\/\/www.asaliinsaat.com\/?page_id=643"},"modified":"2022-06-16T19:46:24","modified_gmt":"2022-06-16T19:46:24","slug":"hvac-2","status":"publish","type":"page","link":"https:\/\/www.asaliinsaat.com\/tr\/hvac-2\/","title":{"rendered":"HVAC"},"content":{"rendered":"<p><div class=\"fusion-bg-parallax\" data-bg-align=\"left bottom\" data-direction=\"up\" data-mute=\"false\" data-opacity=\"100\" data-velocity=\"-0.3\" data-mobile-enabled=\"false\" data-break_parents=\"0\" data-bg-image=\"https:\/\/www.asaliinsaat.com\/wp-content\/uploads\/2022\/06\/home-section4-1200x738.png\" data-bg-repeat=\"false\" ><\/div><div class=\"fusion-fullwidth fullwidth-box fusion-builder-row-1 fusion-flex-container fusion-parallax-up nonhundred-percent-fullwidth non-hundred-percent-height-scrolling lazyload\" style=\"background-color: rgba(255,255,255,0);background-position: left bottom;background-repeat: no-repeat;border-width: 0px 0px 0px 0px;border-color:var(--awb-color3);border-style:solid;-webkit-background-size:cover;-moz-background-size:cover;-o-background-size:cover;background-size:cover;\" data-bg=\"https:\/\/www.asaliinsaat.com\/wp-content\/uploads\/2022\/06\/home-section4-1200x738.png\" ><div class=\"fusion-builder-row fusion-row fusion-flex-align-items-flex-start\" style=\"max-width:1216.8px;margin-left: calc(-4% \/ 2 );margin-right: calc(-4% \/ 2 );\"><div class=\"fusion-layout-column fusion_builder_column fusion-builder-column-0 fusion_builder_column_1_2 1_2 fusion-flex-column\"><div class=\"fusion-column-wrapper fusion-flex-justify-content-flex-start fusion-content-layout-column\" style=\"background-position:left top;background-blend-mode: overlay;background-repeat:no-repeat;-webkit-background-size:cover;-moz-background-size:cover;-o-background-size:cover;background-size:cover;padding: 0px 0px 0px 0px;\"><style type=\"text\/css\">@media only screen and (max-width:800px) {.fusion-title.fusion-title-1{margin-top:0px!important;margin-bottom:30px!important;}}<\/style><div class=\"fusion-title title fusion-title-1 fusion-sep-none fusion-title-text fusion-title-size-two\" style=\"margin-top:0px;margin-bottom:30px;\"><h2 class=\"title-heading-left\" style=\"font-family:&quot;Roboto&quot;;margin:0;color:#ffffff;\">HVAC<\/h2><\/div><div class=\"fusion-text fusion-text-1\" style=\"transform:translate3d(0,0,0);\"><\/div><div class=\"fusion-separator fusion-full-width-sep\" style=\"align-self: center;margin-left: auto;margin-right: auto;margin-top:20px;width:100%;\"><\/div><\/div><\/div><style type=\"text\/css\">.fusion-body .fusion-builder-column-0{width:50% !important;margin-top : 0px;margin-bottom : 20px;}.fusion-builder-column-0 > .fusion-column-wrapper {padding-top : 0px !important;padding-right : 0px !important;margin-right : 3.84%;padding-bottom : 0px !important;padding-left : 0px !important;margin-left : 3.84%;}@media only screen and (max-width:800px) {.fusion-body .fusion-builder-column-0{width:100% !important;}.fusion-builder-column-0 > .fusion-column-wrapper {margin-right : 1.92%;margin-left : 1.92%;}}@media only screen and (max-width:640px) {.fusion-body .fusion-builder-column-0{width:100% !important;}.fusion-builder-column-0 > .fusion-column-wrapper {margin-right : 1.92%;margin-left : 1.92%;}}<\/style><\/div><style type=\"text\/css\">.fusion-body .fusion-flex-container.fusion-builder-row-1{ padding-top : 130px;margin-top : 0px;padding-right : 0px;padding-bottom : 120px;margin-bottom : 0px;padding-left : 0px;}<\/style><\/div><div class=\"fusion-fullwidth fullwidth-box fusion-builder-row-2 fusion-flex-container nonhundred-percent-fullwidth non-hundred-percent-height-scrolling\" style=\"background-color: rgba(255,255,255,0);background-position: left top;background-repeat: no-repeat;border-width: 0px 0px 0px 0px;border-color:var(--awb-color3);border-style:solid;\" ><div class=\"fusion-builder-row fusion-row fusion-flex-align-items-flex-start\" style=\"max-width:1216.8px;margin-left: calc(-4% \/ 2 );margin-right: calc(-4% \/ 2 );\"><div class=\"fusion-layout-column fusion_builder_column fusion-builder-column-1 fusion_builder_column_2_3 2_3 fusion-flex-column\"><div class=\"fusion-column-wrapper fusion-flex-justify-content-flex-start fusion-content-layout-column\" style=\"background-position:left top;background-blend-mode: overlay;background-repeat:no-repeat;-webkit-background-size:cover;-moz-background-size:cover;-o-background-size:cover;background-size:cover;padding: 0px 0px 0px 0px;\"><div class=\"fusion-text fusion-text-2\" style=\"font-size:17px;line-height:---2--in;letter-spacing:var(--awb-typography2-letter-spacing);color:#000000;font-family:&quot;Roboto&quot;;font-weight:300;transform:translate3d(0,0,0);\"><p class=\"s3\"><span class=\"s4\">HVAC modern yap\u0131larda \u0131s\u0131tma, havaland\u0131rma ve iklimlendirme olarak ifade edilen \u00fc\u00e7 fonksiyonun tek bir sistem i\u00e7erisinde bulundurulmas\u0131d\u0131r.<\/span> <span class=\"s4\">Ya\u015fam alan\u0131n\u0131n ve enerji t\u00fcketiminin yo\u011fun oldu\u011fu yerlerde geni\u015f uygulama alanlar\u0131 bulan bir sistemdir.<\/span> <span class=\"s4\">Binalar\u0131n yap\u0131s\u0131na g\u00f6re HVAC i\u00e7in harcanan enerji toplam enerjinin ila \u2019\u0131n\u0131 olu\u015fturur.<\/span><\/p>\n<p class=\"s3\"><span class=\"s4\">Bu nedenle HVAC sistemlerinin uyarlanmas\u0131 enerji verimlili\u011fi a\u00e7\u0131s\u0131ndan olduk\u00e7a \u00f6nemlidir.<\/span><\/p>\n<p class=\"s3\"><span class=\"s4\">HVAC, otomasyon kontrol stratejileriyle s\u0131cakl\u0131k, hava ve ak\u0131\u015f miktar\u0131 aras\u0131nda en iyi tercihi olu\u015fturur. Kullan\u0131lan algoritmalar istenilen \u015fartlar\u0131 ve bu \u015fartlar\u0131n olu\u015fmas\u0131 i\u00e7in gereken s\u00fcreleri belirler.<\/span><\/p>\n<p class=\"s3\"><span class=\"s4\">HVAC sistemlerinde en uygun kontrol; sistemin s\u0131cakl\u0131k ve bas\u0131n\u00e7 de\u011ferlerini otomatik kumanda ile ihtiyaca g\u00f6re ayarlamak, kullan\u0131lmayan ortamlar\u0131 \u0131s\u0131tma ve so\u011futma d\u00fczenine sokarak konfor \u015fartlar\u0131n\u0131 sa\u011flamak ayn\u0131 zamanda s\u0131n\u0131rl\u0131 enerji kullan\u0131m\u0131n\u0131 ayarlamakt\u0131r.\n\nA\u015fal\u0131 \u0130n\u015faat olarak, HVAC kapsam\u0131nda y\u00fcksek hava kalitesi ile konforlu \u0131s\u0131tma ve so\u011futma sa\u011flayan sistemler kuruyoruz.<\/span><\/p>\n<\/div><\/div><\/div><style type=\"text\/css\">.fusion-body .fusion-builder-column-1{width:66.666666666667% !important;margin-top : 0px;margin-bottom : 20px;}.fusion-builder-column-1 > .fusion-column-wrapper {padding-top : 0px !important;padding-right : 0px !important;margin-right : 3.84%;padding-bottom : 0px !important;padding-left : 0px !important;margin-left : 2.88%;}@media only screen and (max-width:800px) {.fusion-body .fusion-builder-column-1{width:100% !important;}.fusion-builder-column-1 > .fusion-column-wrapper {margin-right : 1.92%;margin-left : 1.92%;}}@media only screen and (max-width:640px) {.fusion-body .fusion-builder-column-1{width:100% !important;}.fusion-builder-column-1 > .fusion-column-wrapper {margin-right : 1.92%;margin-left : 1.92%;}}<\/style><div class=\"fusion-layout-column fusion_builder_column fusion-builder-column-2 fusion_builder_column_1_3 1_3 fusion-flex-column\"><div class=\"fusion-column-wrapper fusion-flex-justify-content-flex-start fusion-content-layout-column\" style=\"background-position:left top;background-blend-mode: overlay;background-repeat:no-repeat;-webkit-background-size:cover;-moz-background-size:cover;-o-background-size:cover;background-size:cover;padding: 0px 0px 0px 0px;\"><div ><span class=\"fusion-imageframe imageframe-none imageframe-1 hover-type-zoomin fusion-animated\" data-animationtype=\"fadeInDown\" data-animationduration=\"1\" data-animationoffset=\"100%\"><a href=\"https:\/\/www.asaliinsaat.com\/wp-content\/uploads\/2022\/06\/hvac-anlatim-kucuk.jpeg\" class=\"fusion-lightbox\" data-rel=\"iLightbox[d0ad45ca666e871863a]\" data-title=\"hvac anlat\u0131m k\u00fc\u00e7\u00fck\" title=\"hvac anlat\u0131m k\u00fc\u00e7\u00fck\"><img decoding=\"async\" width=\"1024\" height=\"683\" src=\"https:\/\/www.asaliinsaat.com\/wp-content\/uploads\/2022\/06\/hvac-anlatim-kucuk.jpeg\" data-orig-src=\"https:\/\/www.asaliinsaat.com\/wp-content\/uploads\/2022\/06\/hvac-anlatim-kucuk.jpeg\" class=\"lazyload img-responsive wp-image-894\" srcset=\"data:image\/svg+xml,%3Csvg%20xmlns%3D%27http%3A%2F%2Fwww.w3.org%2F2000%2Fsvg%27%20width%3D%271024%27%20height%3D%27683%27%20viewBox%3D%270%200%201024%20683%27%3E%3Crect%20width%3D%271024%27%20height%3D%273683%27%20fill-opacity%3D%220%22%2F%3E%3C%2Fsvg%3E\" data-srcset=\"https:\/\/www.asaliinsaat.com\/wp-content\/uploads\/2022\/06\/hvac-anlatim-kucuk-200x133.jpeg 200w, https:\/\/www.asaliinsaat.com\/wp-content\/uploads\/2022\/06\/hvac-anlatim-kucuk-400x267.jpeg 400w, https:\/\/www.asaliinsaat.com\/wp-content\/uploads\/2022\/06\/hvac-anlatim-kucuk-600x400.jpeg 600w, https:\/\/www.asaliinsaat.com\/wp-content\/uploads\/2022\/06\/hvac-anlatim-kucuk-800x534.jpeg 800w, https:\/\/www.asaliinsaat.com\/wp-content\/uploads\/2022\/06\/hvac-anlatim-kucuk.jpeg 1024w\" data-sizes=\"auto\" data-orig-sizes=\"(max-width: 800px) 100vw, (max-width: 640px) 100vw, 400px\" \/><\/a><\/span><\/div><\/div><\/div><style type=\"text\/css\">.fusion-body .fusion-builder-column-2{width:33.333333333333% !important;margin-top : 0px;margin-bottom : 20px;}.fusion-builder-column-2 > .fusion-column-wrapper {padding-top : 0px !important;padding-right : 0px !important;margin-right : 5.76%;padding-bottom : 0px !important;padding-left : 0px !important;margin-left : 3.84%;}@media only screen and (max-width:800px) {.fusion-body .fusion-builder-column-2{width:100% !important;}.fusion-builder-column-2 > .fusion-column-wrapper {margin-right : 1.92%;margin-left : 1.92%;}}@media only screen and (max-width:640px) {.fusion-body .fusion-builder-column-2{width:100% !important;}.fusion-builder-column-2 > .fusion-column-wrapper {margin-right : 1.92%;margin-left : 1.92%;}}<\/style><\/div><style type=\"text\/css\">.fusion-body .fusion-flex-container.fusion-builder-row-2{ padding-top : 130px;margin-top : 0px;padding-right : 0px;padding-bottom : 130px;margin-bottom : 0px;padding-left : 0px;}<\/style><\/div><\/p>","protected":false},"excerpt":{"rendered":"","protected":false},"author":1,"featured_media":0,"parent":0,"menu_order":0,"comment_status":"closed","ping_status":"open","template":"100-width.php","meta":{"footnotes":""},"class_list":["post-643","page","type-page","status-publish","hentry"],"_links":{"self":[{"href":"https:\/\/www.asaliinsaat.com\/tr\/wp-json\/wp\/v2\/pages\/643","targetHints":{"allow":["GET"]}}],"collection":[{"href":"https:\/\/www.asaliinsaat.com\/tr\/wp-json\/wp\/v2\/pages"}],"about":[{"href":"https:\/\/www.asaliinsaat.com\/tr\/wp-json\/wp\/v2\/types\/page"}],"author":[{"embeddable":true,"href":"https:\/\/www.asaliinsaat.com\/tr\/wp-json\/wp\/v2\/users\/1"}],"replies":[{"embeddable":true,"href":"https:\/\/www.asaliinsaat.com\/tr\/wp-json\/wp\/v2\/comments?post=643"}],"version-history":[{"count":1,"href":"https:\/\/www.asaliinsaat.com\/tr\/wp-json\/wp\/v2\/pages\/643\/revisions"}],"predecessor-version":[{"id":1970,"href":"https:\/\/www.asaliinsaat.com\/tr\/wp-json\/wp\/v2\/pages\/643\/revisions\/1970"}],"wp:attachment":[{"href":"https:\/\/www.asaliinsaat.com\/tr\/wp-json\/wp\/v2\/media?parent=643"}],"curies":[{"name":"wp","href":"https:\/\/api.w.org\/{rel}","templated":true}]}}