{"id":908,"date":"2022-06-14T18:24:12","date_gmt":"2022-06-14T18:24:12","guid":{"rendered":"https:\/\/www.asaliinsaat.com\/?page_id=908"},"modified":"2022-06-17T08:23:00","modified_gmt":"2022-06-17T08:23:00","slug":"vrf","status":"publish","type":"page","link":"https:\/\/www.asaliinsaat.com\/tr\/vrf\/","title":{"rendered":"VRF"},"content":{"rendered":"<p><div class=\"fusion-bg-parallax\" data-bg-align=\"left bottom\" data-direction=\"up\" data-mute=\"false\" data-opacity=\"100\" data-velocity=\"-0.3\" data-mobile-enabled=\"false\" data-break_parents=\"0\" data-bg-image=\"https:\/\/www.asaliinsaat.com\/wp-content\/uploads\/2022\/06\/iStock-1243681874-1200x800.jpg\" data-bg-repeat=\"false\" ><\/div><div class=\"fusion-fullwidth fullwidth-box fusion-builder-row-1 fusion-flex-container fusion-parallax-up nonhundred-percent-fullwidth non-hundred-percent-height-scrolling lazyload\" style=\"background-color: rgba(255,255,255,0);background-position: left bottom;background-repeat: no-repeat;border-width: 0px 0px 0px 0px;border-color:var(--awb-color3);border-style:solid;-webkit-background-size:cover;-moz-background-size:cover;-o-background-size:cover;background-size:cover;\" data-bg=\"https:\/\/www.asaliinsaat.com\/wp-content\/uploads\/2022\/06\/iStock-1243681874-1200x800.jpg\" ><div class=\"fusion-builder-row fusion-row fusion-flex-align-items-flex-start\" style=\"max-width:1216.8px;margin-left: calc(-4% \/ 2 );margin-right: calc(-4% \/ 2 );\"><div class=\"fusion-layout-column fusion_builder_column fusion-builder-column-0 fusion_builder_column_1_2 1_2 fusion-flex-column\"><div class=\"fusion-column-wrapper fusion-flex-justify-content-flex-start fusion-content-layout-column\" style=\"background-position:left top;background-blend-mode: overlay;background-repeat:no-repeat;-webkit-background-size:cover;-moz-background-size:cover;-o-background-size:cover;background-size:cover;padding: 0px 0px 0px 0px;\"><style type=\"text\/css\">@media only screen and (max-width:800px) {.fusion-title.fusion-title-1{margin-top:0px!important;margin-bottom:30px!important;}}<\/style><div class=\"fusion-title title fusion-title-1 fusion-sep-none fusion-title-text fusion-title-size-two\" style=\"margin-top:0px;margin-bottom:30px;\"><h2 class=\"title-heading-left\" style=\"font-family:&quot;Roboto&quot;;margin:0;color:#ffffff;\">VRF<\/h2><\/div><div class=\"fusion-text fusion-text-1\" style=\"transform:translate3d(0,0,0);\"><\/div><div class=\"fusion-separator fusion-full-width-sep\" style=\"align-self: center;margin-left: auto;margin-right: auto;margin-top:20px;width:100%;\"><\/div><\/div><\/div><style type=\"text\/css\">.fusion-body .fusion-builder-column-0{width:50% !important;margin-top : 0px;margin-bottom : 20px;}.fusion-builder-column-0 > .fusion-column-wrapper {padding-top : 0px !important;padding-right : 0px !important;margin-right : 3.84%;padding-bottom : 0px !important;padding-left : 0px !important;margin-left : 3.84%;}@media only screen and (max-width:800px) {.fusion-body .fusion-builder-column-0{width:100% !important;}.fusion-builder-column-0 > .fusion-column-wrapper {margin-right : 1.92%;margin-left : 1.92%;}}@media only screen and (max-width:640px) {.fusion-body .fusion-builder-column-0{width:100% !important;}.fusion-builder-column-0 > .fusion-column-wrapper {margin-right : 1.92%;margin-left : 1.92%;}}<\/style><\/div><style type=\"text\/css\">.fusion-body .fusion-flex-container.fusion-builder-row-1{ padding-top : 125px;margin-top : 0px;padding-right : 0px;padding-bottom : 120px;margin-bottom : 0px;padding-left : 0px;}<\/style><\/div><div class=\"fusion-fullwidth fullwidth-box fusion-builder-row-2 fusion-flex-container nonhundred-percent-fullwidth non-hundred-percent-height-scrolling\" style=\"background-color: rgba(255,255,255,0);background-position: left top;background-repeat: no-repeat;border-width: 0px 0px 0px 0px;border-color:var(--awb-color3);border-style:solid;\" ><div class=\"fusion-builder-row fusion-row fusion-flex-align-items-flex-start\" style=\"max-width:1216.8px;margin-left: calc(-4% \/ 2 );margin-right: calc(-4% \/ 2 );\"><div class=\"fusion-layout-column fusion_builder_column fusion-builder-column-1 fusion_builder_column_2_3 2_3 fusion-flex-column\"><div class=\"fusion-column-wrapper fusion-flex-justify-content-flex-start fusion-content-layout-column\" style=\"background-position:left top;background-blend-mode: overlay;background-repeat:no-repeat;-webkit-background-size:cover;-moz-background-size:cover;-o-background-size:cover;background-size:cover;padding: 0px 0px 0px 0px;\"><div class=\"fusion-text fusion-text-2\" style=\"font-size:17px;line-height:---2--in;letter-spacing:var(--awb-typography2-letter-spacing);color:#000000;font-family:&quot;Roboto&quot;;font-weight:300;transform:translate3d(0,0,0);\"><p>Firmam\u0131z\u0131n en b\u00fcy\u00fck i\u015f kolunu olu\u015fturan VRF, De\u011fi\u015fken So\u011futucu Ak\u0131\u015fkan Debisi anlam\u0131na gelmektedir. Bir d\u0131\u015f \u00fcnite ile birden fazla i\u00e7 \u00fcnitenin kontrol edildi\u011fi klima sistemidir. Bir VRF Klima Sistemi, binan\u0131n de\u011fi\u015fen kapasite ihtiya\u00e7lar\u0131na ba\u011fl\u0131 olarak so\u011futkan\u0131n ak\u0131\u015f\u0131n\u0131 kontrol eder. VRF Klima Sistemi bina d\u0131\u015f\u0131nda bulunan d\u0131\u015f \u00fcnite ve bina i\u00e7indeki ya\u015fam alanlar\u0131n\u0131 so\u011futmak ve\/veya \u0131s\u0131tmak amac\u0131 ile kullan\u0131lan i\u00e7 \u00fcnitelerden olu\u015fur.<\/p>\n<p>VRF Klima Sistemlerini, klasik split klimalardan ayr\u0131lan en b\u00fcy\u00fck \u00f6zelli\u011fi; de\u011fi\u015fken gaz debisi sayesinde enerji tasarrufu ile birlikte \u00e7al\u0131\u015f\u0131p kullan\u0131c\u0131lar\u0131n konforunu en y\u00fcksek seviyede tutmas\u0131d\u0131r. \u00c7evreye maksimum \u00f6zen ve sayg\u0131 g\u00f6steren sistem, enerji tasarrufuna odaklanm\u0131\u015f, geli\u015fmi\u015f uygulama esnekli\u011fi sa\u011flar. \u00c7ok katl\u0131 bir plazadan tek bir villaya kadar yeni yap\u0131lan veya mevcut her t\u00fcrl\u00fc yap\u0131da tam ba\u011f\u0131ms\u0131z kontrol imkan\u0131 sa\u011flamaktad\u0131r.<\/p>\n<p>VRF Klima Sistemlerinin; Heat Recovery VRF (ayn\u0131 anda hem \u0131s\u0131tma, hem so\u011futma) Heat Pump VRF (ayn\u0131 anda sadece \u0131s\u0131tma ya da sadece so\u011futma) olmak \u00fczere 2 farkl\u0131 sistem \u00e7e\u015fidi mevcuttur. Hastaneler, Havaalanlar\u0131, Okullar, Oteller, Ofisler, Spor Merkezleri, AVMler, Villalar, Restorantlar ve Plazalar gibi birbirinden ba\u011f\u0131ms\u0131z havaland\u0131rma uygulamalar\u0131n\u0131n kullan\u0131lmas\u0131n\u0131n gerekti\u011fi yerlerde ba\u015far\u0131yla kullan\u0131l\u0131r.<\/p>\n<p>A\u015fal\u0131 \u0130n\u015faat olarak, VRF kapsam\u0131nda yap\u0131lar\u0131n de\u011fi\u015fen kapasite ihtiya\u00e7lar\u0131na ba\u011fl\u0131 olarak minimum enerji ile maksimum konfor sa\u011fl\u0131yoruz.<\/p>\n<\/div><\/div><\/div><style type=\"text\/css\">.fusion-body .fusion-builder-column-1{width:66.666666666667% !important;margin-top : 0px;margin-bottom : 20px;}.fusion-builder-column-1 > .fusion-column-wrapper {padding-top : 0px !important;padding-right : 0px !important;margin-right : 3.84%;padding-bottom : 0px !important;padding-left : 0px !important;margin-left : 2.88%;}@media only screen and (max-width:800px) {.fusion-body .fusion-builder-column-1{width:100% !important;}.fusion-builder-column-1 > .fusion-column-wrapper {margin-right : 1.92%;margin-left : 1.92%;}}@media only screen and (max-width:640px) {.fusion-body .fusion-builder-column-1{width:100% !important;}.fusion-builder-column-1 > .fusion-column-wrapper {margin-right : 1.92%;margin-left : 1.92%;}}<\/style><div class=\"fusion-layout-column fusion_builder_column fusion-builder-column-2 fusion_builder_column_1_3 1_3 fusion-flex-column\"><div class=\"fusion-column-wrapper fusion-flex-justify-content-flex-start fusion-content-layout-column\" style=\"background-position:left top;background-blend-mode: overlay;background-repeat:no-repeat;-webkit-background-size:cover;-moz-background-size:cover;-o-background-size:cover;background-size:cover;padding: 0px 0px 0px 0px;\"><div ><span class=\"fusion-imageframe imageframe-none imageframe-1 hover-type-zoomin fusion-animated\" data-animationtype=\"fadeInDown\" data-animationduration=\"1\" data-animationoffset=\"100%\"><a href=\"https:\/\/www.asaliinsaat.com\/wp-content\/uploads\/2022\/06\/vrf-anlatim-kucuk.png\" class=\"fusion-lightbox\" data-rel=\"iLightbox[7c2e82f802d16b95006]\" data-title=\"vrf anlat\u0131m k\u00fc\u00e7\u00fck\" title=\"vrf anlat\u0131m k\u00fc\u00e7\u00fck\"><img decoding=\"async\" width=\"810\" height=\"626\" src=\"https:\/\/www.asaliinsaat.com\/wp-content\/uploads\/2022\/06\/vrf-anlatim-kucuk.png\" data-orig-src=\"https:\/\/www.asaliinsaat.com\/wp-content\/uploads\/2022\/06\/vrf-anlatim-kucuk.png\" class=\"lazyload img-responsive wp-image-911\" srcset=\"data:image\/svg+xml,%3Csvg%20xmlns%3D%27http%3A%2F%2Fwww.w3.org%2F2000%2Fsvg%27%20width%3D%27810%27%20height%3D%27626%27%20viewBox%3D%270%200%20810%20626%27%3E%3Crect%20width%3D%27810%27%20height%3D%273626%27%20fill-opacity%3D%220%22%2F%3E%3C%2Fsvg%3E\" data-srcset=\"https:\/\/www.asaliinsaat.com\/wp-content\/uploads\/2022\/06\/vrf-anlatim-kucuk-200x155.png 200w, https:\/\/www.asaliinsaat.com\/wp-content\/uploads\/2022\/06\/vrf-anlatim-kucuk-400x309.png 400w, https:\/\/www.asaliinsaat.com\/wp-content\/uploads\/2022\/06\/vrf-anlatim-kucuk-600x464.png 600w, https:\/\/www.asaliinsaat.com\/wp-content\/uploads\/2022\/06\/vrf-anlatim-kucuk-800x618.png 800w, https:\/\/www.asaliinsaat.com\/wp-content\/uploads\/2022\/06\/vrf-anlatim-kucuk.png 810w\" data-sizes=\"auto\" data-orig-sizes=\"(max-width: 800px) 100vw, (max-width: 640px) 100vw, 400px\" \/><\/a><\/span><\/div><\/div><\/div><style type=\"text\/css\">.fusion-body .fusion-builder-column-2{width:33.333333333333% !important;margin-top : 0px;margin-bottom : 20px;}.fusion-builder-column-2 > .fusion-column-wrapper {padding-top : 0px !important;padding-right : 0px !important;margin-right : 5.76%;padding-bottom : 0px !important;padding-left : 0px !important;margin-left : 3.84%;}@media only screen and (max-width:800px) {.fusion-body .fusion-builder-column-2{width:100% !important;}.fusion-builder-column-2 > .fusion-column-wrapper {margin-right : 1.92%;margin-left : 1.92%;}}@media only screen and (max-width:640px) {.fusion-body .fusion-builder-column-2{width:100% !important;}.fusion-builder-column-2 > .fusion-column-wrapper {margin-right : 1.92%;margin-left : 1.92%;}}<\/style><\/div><style type=\"text\/css\">.fusion-body .fusion-flex-container.fusion-builder-row-2{ padding-top : 130px;margin-top : 0px;padding-right : 0px;padding-bottom : 130px;margin-bottom : 0px;padding-left : 0px;}<\/style><\/div><\/p>","protected":false},"excerpt":{"rendered":"","protected":false},"author":1,"featured_media":0,"parent":0,"menu_order":0,"comment_status":"closed","ping_status":"closed","template":"100-width.php","meta":{"footnotes":""},"class_list":["post-908","page","type-page","status-publish","hentry"],"_links":{"self":[{"href":"https:\/\/www.asaliinsaat.com\/tr\/wp-json\/wp\/v2\/pages\/908","targetHints":{"allow":["GET"]}}],"collection":[{"href":"https:\/\/www.asaliinsaat.com\/tr\/wp-json\/wp\/v2\/pages"}],"about":[{"href":"https:\/\/www.asaliinsaat.com\/tr\/wp-json\/wp\/v2\/types\/page"}],"author":[{"embeddable":true,"href":"https:\/\/www.asaliinsaat.com\/tr\/wp-json\/wp\/v2\/users\/1"}],"replies":[{"embeddable":true,"href":"https:\/\/www.asaliinsaat.com\/tr\/wp-json\/wp\/v2\/comments?post=908"}],"version-history":[{"count":4,"href":"https:\/\/www.asaliinsaat.com\/tr\/wp-json\/wp\/v2\/pages\/908\/revisions"}],"predecessor-version":[{"id":1980,"href":"https:\/\/www.asaliinsaat.com\/tr\/wp-json\/wp\/v2\/pages\/908\/revisions\/1980"}],"wp:attachment":[{"href":"https:\/\/www.asaliinsaat.com\/tr\/wp-json\/wp\/v2\/media?parent=908"}],"curies":[{"name":"wp","href":"https:\/\/api.w.org\/{rel}","templated":true}]}}